{"id":2141,"date":"2024-02-09T08:56:06","date_gmt":"2024-02-09T07:56:06","guid":{"rendered":"https:\/\/www.wfg-verpackung.de\/imprint\/"},"modified":"2024-08-26T10:07:10","modified_gmt":"2024-08-26T08:07:10","slug":"imprint","status":"publish","type":"page","link":"https:\/\/www.wfg-verpackung.de\/en\/imprint\/","title":{"rendered":"Imprint"},"content":{"rendered":"\t\t<div data-elementor-type=\"wp-page\" data-elementor-id=\"2141\" class=\"elementor elementor-2141 elementor-1055\" data-elementor-post-type=\"page\">\n\t\t\t\t\t\t<section class=\"elementor-section elementor-top-section elementor-element elementor-element-5d368d4 elementor-section-boxed elementor-section-height-default elementor-section-height-default\" data-id=\"5d368d4\" data-element_type=\"section\">\n\t\t\t\t\t\t<div class=\"elementor-container elementor-column-gap-default\">\n\t\t\t\t\t<div class=\"elementor-column elementor-col-100 elementor-top-column elementor-element elementor-element-f23435f\" data-id=\"f23435f\" data-element_type=\"column\">\n\t\t\t<div class=\"elementor-widget-wrap elementor-element-populated\">\n\t\t\t\t\t\t<div class=\"elementor-element elementor-element-5d95701 elementor-widget elementor-widget-heading\" data-id=\"5d95701\" data-element_type=\"widget\" data-widget_type=\"heading.default\">\n\t\t\t\t<div class=\"elementor-widget-container\">\n\t\t\t<style>\/*! elementor - v3.23.0 - 05-08-2024 *\/\n.elementor-heading-title{padding:0;margin:0;line-height:1}.elementor-widget-heading .elementor-heading-title[class*=elementor-size-]>a{color:inherit;font-size:inherit;line-height:inherit}.elementor-widget-heading .elementor-heading-title.elementor-size-small{font-size:15px}.elementor-widget-heading .elementor-heading-title.elementor-size-medium{font-size:19px}.elementor-widget-heading .elementor-heading-title.elementor-size-large{font-size:29px}.elementor-widget-heading .elementor-heading-title.elementor-size-xl{font-size:39px}.elementor-widget-heading .elementor-heading-title.elementor-size-xxl{font-size:59px}<\/style><h2 class=\"elementor-heading-title elementor-size-default\">Imprint<\/h2>\t\t<\/div>\n\t\t\t\t<\/div>\n\t\t\t\t<div class=\"elementor-element elementor-element-5822406 elementor-widget elementor-widget-text-editor\" data-id=\"5822406\" data-element_type=\"widget\" data-widget_type=\"text-editor.default\">\n\t\t\t\t<div class=\"elementor-widget-container\">\n\t\t\t<style>\/*! elementor - v3.23.0 - 05-08-2024 *\/\n.elementor-widget-text-editor.elementor-drop-cap-view-stacked .elementor-drop-cap{background-color:#69727d;color:#fff}.elementor-widget-text-editor.elementor-drop-cap-view-framed .elementor-drop-cap{color:#69727d;border:3px solid;background-color:transparent}.elementor-widget-text-editor:not(.elementor-drop-cap-view-default) .elementor-drop-cap{margin-top:8px}.elementor-widget-text-editor:not(.elementor-drop-cap-view-default) .elementor-drop-cap-letter{width:1em;height:1em}.elementor-widget-text-editor .elementor-drop-cap{float:left;text-align:center;line-height:1;font-size:50px}.elementor-widget-text-editor .elementor-drop-cap-letter{display:inline-block}<\/style>\t\t\t\t<p>Marcel G\u00f6rge<br \/>WFG Wellpappen Freigericht GmbH<br \/>Im See 5<br \/>63628 Bad Soden-Salm\u00fcnster<\/p>\n<h3>Registered office of the company<\/h3>\n<p>Im See 5<br \/>63628 Bad Soden-Salm\u00fcnster<\/p>\n<h3>Contact:<\/h3>\n<p>Phone: <a href=\"tel:+49605691900\">+49 6056 9190-0<\/a><br \/>Fax: +49 6056 9190-99<br \/>E-mail: <a href=\"mailto:info@wfg-verpackung.de\">info@wfg-verpackung.de<\/a><\/p>\n<h3>Represented by:<\/h3>\n<p>Roger G\u00f6rge, Marcel G\u00f6rge, Louis G\u00f6rge<\/p>\n<h3>Register entry:<\/h3>\n<p>Register court: Hanau Local Court<br \/>Register number: HRB 90751<\/p>\n<h3>Sales tax or tax number:<\/h3>\n<p>Sales tax identification number according to \u00a727 a sales tax law:<br \/>DE113595191<\/p>\n<h3>Information on professional liability insurance<\/h3>\n<p>Name and registered office of the insurer:<br \/>Beispiel Versicherung AG<br \/>Musterweg 10<br \/>90210 Musterstadt<\/p>\n<p>Area of validity of the insurance: Germany<\/p>\n<h3>Supervisory authority:<\/h3>\n<p>IHK Hanau-Gelnhausen-Schl\u00fcchtern<br \/>Am Pedro-Jung-Park 14<br \/>63450 Hanau<br \/>Company number: 46735766<\/p>\n<p><a href=\"https:\/\/www.ihk.de\/hanau\/\" target=\"_blank\" rel=\"noopener\">https:\/\/www.ihk.de\/hanau\/<\/a><\/p>\n<h3>Notice according to \u00a7 36 Consumer Dispute Resolution Act (VSBG):<\/h3>\n<p>The European Commission provides a platform for online dispute resolution (OS): <a href=\"https:\/\/ec.europa.eu\/consumers\/odr\" target=\"_blank\" rel=\"noopener\">https:\/\/ec.europa.eu\/consumers\/odr.<\/a><br \/>You can find our email address in the legal notice above.<\/p>\n<p>We, customer name, will not participate in a dispute resolution procedure before a consumer arbitration board within the meaning of the VSBG and are not obliged to do so.<\/p>\n<h3>Note on images used<\/h3>\n<p>Homepage &#8211; Banner &#8211; w\u00a9 WFG Wellpappen Freigericht GmbH<\/p>\n<p>Homepage &#8211; Banner- f\u00a9 WFG Wellpappen Freigericht GmbH<\/p>\n<p>Homepage &#8211; Banner- g \u00a9 WFG Wellpappen Freigericht GmbH<\/p>\n<p>Home &#8211; News &#8211; News 3 \u00a9 WFG Wellpappen Freigericht GmbH<\/p>\n<p>Home &#8211; News &#8211; News 2 \u00a9 WFG Wellpappen Freigericht GmbH<\/p>\n<p>Home &#8211; News &#8211; News 1 \u00a9 WFG Wellpappen Freigericht GmbH<\/p>\n<p>Home &#8211; About us \u00a9 shutterstock.com by Castleski<\/p>\n<p>Home &#8211; Careers at WFG \u00a9 WFG Wellpappen Freigericht GmbH<\/p>\n<p>Home &#8211; Our core competencies \u00a9 WFG Wellpappen Freigericht GmbH<\/p>\n<p>Home &#8211; Technology \u00a9 envato elements<\/p>\n<p>Home &#8211; Products &#8211; Shipping boxes \u00a9 WFG Wellpappen Freigericht GmbH<\/p>\n<p>Home &#8211; Products &#8211; Die-cut packaging \u00a9 WFG Wellpappen Freigericht GmbH<\/p>\n<p>Home &#8211; Products &#8211; Customized products \u00a9 WFG Wellpappen Freigericht GmbH<\/p>\n<p>Home &#8211; Logistics \u00a9 WFG Wellpappen Freigericht GmbH<\/p>\n<p>Home &#8211; Picture gallery \u00a9 WFG Wellpappen Freigericht GmbH<\/p>\n<p>Concept &#8211; Banner \u00a9 shutterstock.com by Castleski<\/p>\n<p>Career &#8211; Picture gallery \u00a9 WFG Wellpappen Freigericht GmbH<\/p>\n<p>Core competencies &#8211; Banner \u00a9 shutterstock.com by Castleski<\/p>\n<p>Products &#8211; Shipping boxes &#8211; Versatile shipping solutions \u00a9 shutterstock.com by Castleski<\/p>\n<p>Products &#8211; Shipping boxes &#8211; Versatile \u00a9 WFG Wellpappen Freigericht GmbH<\/p>\n<p>Products &#8211; Shipping boxes &#8211; Die-cut \u00a9 WFG Wellpappen Freigericht GmbH<\/p>\n<p>Products &#8211; Shipping boxes &#8211; Sheet \u00a9 shutterstock.com by mdbildes<\/p>\n<p>Products &#8211; Shipping boxes &#8211; Ritz \u00a9 WFG Wellpappen Freigericht GmbH<\/p>\n<p>Products &#8211; Shipping boxes &#8211; Trays \u00a9 WFG Wellpappen Freigericht GmbH<\/p>\n<p>Products &#8211; Shipping boxes &#8211; Shipping \u00a9 WFG Wellpappen Freigericht GmbH<\/p>\n<p>Products &#8211; Shipping boxes &#8211; Special \u00a9 shutterstock.com by Tutatamafilm<\/p>\n<p>Products &#8211; Die-cut packaging &#8211; Made to measure \u00a9 shutterstock.com by Siwakorn1933<\/p>\n<p>Products &#8211; Die-cut packaging &#8211; Die-cut \u00a9 WFG Wellpappen Freigericht GmbH<\/p>\n<p>Products &#8211; Die-cut packaging &#8211; Sheet \u00a9 shutterstock.com by mdbildes<\/p>\n<p>Products &#8211; Die-cut packaging &#8211; Ritz \u00a9 WFG Wellpappen Freigericht GmbH<\/p>\n<p>Products &#8211; Die-cut packaging &#8211; Trays \u00a9 WFG Wellpappen Freigericht GmbH<\/p>\n<p>Products &#8211; Die-cut packaging &#8211; Shipping \u00a9 WFG Wellpappen Freigericht GmbH<\/p>\n<p>Products &#8211; Die-cut packaging &#8211; Special \u00a9 shutterstock.com by Tutatamafilm<\/p>\n<p>Products &#8211; Custom-made products &#8211; Banner \u00a9 shutterstock.com by Tutatamafilm<\/p>\n<p>Products &#8211; Custom-made products &#8211; Special solutions \u00a9 shutterstock.com by focal point<\/p>\n<p>Products &#8211; Custom-made products &#8211; Banner \u00a9 shutterstock.com by Jat306<\/p>\n<p>Products &#8211; Custom-made products &#8211; Die-cutting \u00a9 WFG Wellpappen Freigericht GmbH<\/p>\n<p>Products &#8211; Custom-made products &#8211; Sheets \u00a9 shutterstock.com by mdbildes<\/p>\n<p>Products &#8211; Custom-made products &#8211; Ritz \u00a9 WFG Wellpappen Freigericht GmbH<\/p>\n<p>Products &#8211; Custom-made products &#8211; Bars \u00a9 WFG Wellpappen Freigericht GmbH<\/p>\n<p>Products &#8211; Customized products &#8211; Shipping \u00a9 WFG Wellpappen Freigericht GmbH<\/p>\n<p>Products &#8211; Custom-made products &#8211; Special \u00a9 shutterstock.com by Tutatamafilm<\/p>\n<p>Products &#8211; Scored packaging &#8211; Banner \u00a9 WFG Wellpappen Freigericht GmbH<\/p>\n<p>Products &#8211; Scored packaging &#8211; Care \u00a9 WFG Wellpappen Freigericht GmbH<\/p>\n<p>Products &#8211; Scored packaging &#8211; Die-cut \u00a9 WFG Wellpappen Freigericht GmbH<\/p>\n<p>Products &#8211; Scored packaging &#8211; Sheet \u00a9 shutterstock.com by mdbildes<\/p>\n<p>Products &#8211; Scored packaging &#8211; Ritz \u00a9 WFG Wellpappen Freigericht GmbH<\/p>\n<p>Products &#8211; Scored packaging &#8211; Trays \u00a9 WFG Wellpappen Freigericht GmbH<\/p>\n<p>Products &#8211; Scored packaging &#8211; Shipping \u00a9 WFG Wellpappen Freigericht GmbH<\/p>\n<p>Products &#8211; Scored packaging &#8211; Special \u00a9 shutterstock.com by Tutatamafilm<\/p>\n<p>Products &#8211; Corrugated cardboard blanks &#8211; Banner \u00a9 shutterstock.com by EyeofPaul<\/p>\n<p>Products &#8211; Corrugated cardboard blanks &#8211; Protection \u00a9 shutterstock.com by Ratchat<\/p>\n<p>Products &#8211; Corrugated board blanks &#8211; Die-cutting \u00a9 WFG Wellpappen Freigericht GmbH<\/p>\n<p>Products &#8211; Corrugated cardboard blanks &#8211; Sheet \u00a9 shutterstock.com by mdbildes<\/p>\n<p>Products &#8211; Corrugated board blanks &#8211; Ritz \u00a9 WFG Wellpappen Freigericht GmbH<\/p>\n<p>Products &#8211; Corrugated cardboard blanks &#8211; Bars \u00a9 WFG Wellpappen Freigericht GmbH<\/p>\n<p>Products &#8211; Corrugated board blanks &#8211; Shipping \u00a9 WFG Wellpappen Freigericht GmbH<\/p>\n<p>Products &#8211; Corrugated cardboard blanks &#8211; Special \u00a9 shutterstock.com by Tutatamafilm<\/p>\n<p>Contact &#8211; Banner \u00a9 WFG Wellpappen Freigericht GmbH<\/p>\n\t\t\t\t\t\t<\/div>\n\t\t\t\t<\/div>\n\t\t\t\t\t<\/div>\n\t\t<\/div>\n\t\t\t\t\t<\/div>\n\t\t<\/section>\n\t\t\t\t<\/div>\n\t\t","protected":false},"excerpt":{"rendered":"<p>Imprint Marcel G\u00f6rgeWFG Wellpappen Freigericht GmbHIm See 563628 Bad Soden-Salm\u00fcnster Registered office of the company Im See 563628 Bad Soden-Salm\u00fcnster Contact: Phone: +49 6056 9190-0Fax: +49 6056 9190-99E-mail: info@wfg-verpackung.de Represented by: Roger G\u00f6rge, Marcel G\u00f6rge, Louis G\u00f6rge Register entry: Register court: Hanau Local CourtRegister number: HRB 90751 Sales tax or tax number: Sales tax identification [&hellip;]<\/p>\n","protected":false},"author":1,"featured_media":0,"parent":0,"menu_order":0,"comment_status":"closed","ping_status":"closed","template":"elementor_header_footer","meta":{"footnotes":""},"class_list":["post-2141","page","type-page","status-publish","hentry"],"_links":{"self":[{"href":"https:\/\/www.wfg-verpackung.de\/en\/wp-json\/wp\/v2\/pages\/2141","targetHints":{"allow":["GET"]}}],"collection":[{"href":"https:\/\/www.wfg-verpackung.de\/en\/wp-json\/wp\/v2\/pages"}],"about":[{"href":"https:\/\/www.wfg-verpackung.de\/en\/wp-json\/wp\/v2\/types\/page"}],"author":[{"embeddable":true,"href":"https:\/\/www.wfg-verpackung.de\/en\/wp-json\/wp\/v2\/users\/1"}],"replies":[{"embeddable":true,"href":"https:\/\/www.wfg-verpackung.de\/en\/wp-json\/wp\/v2\/comments?post=2141"}],"version-history":[{"count":1,"href":"https:\/\/www.wfg-verpackung.de\/en\/wp-json\/wp\/v2\/pages\/2141\/revisions"}],"predecessor-version":[{"id":2142,"href":"https:\/\/www.wfg-verpackung.de\/en\/wp-json\/wp\/v2\/pages\/2141\/revisions\/2142"}],"wp:attachment":[{"href":"https:\/\/www.wfg-verpackung.de\/en\/wp-json\/wp\/v2\/media?parent=2141"}],"curies":[{"name":"wp","href":"https:\/\/api.w.org\/{rel}","templated":true}]}}